{"id":1482,"date":"2020-10-17T22:35:04","date_gmt":"2020-10-17T22:35:04","guid":{"rendered":"https:\/\/www.sibellephoto.com\/about\/"},"modified":"2025-05-24T10:12:13","modified_gmt":"2025-05-24T10:12:13","slug":"about","status":"publish","type":"page","link":"https:\/\/www.sibellephoto.com\/en\/about\/","title":{"rendered":"About"},"content":{"rendered":"\t\t<div data-elementor-type=\"wp-page\" data-elementor-id=\"1482\" class=\"elementor elementor-1482 elementor-665\" data-elementor-settings=\"{&quot;element_pack_global_tooltip_width&quot;:{&quot;unit&quot;:&quot;px&quot;,&quot;size&quot;:&quot;&quot;,&quot;sizes&quot;:[]},&quot;element_pack_global_tooltip_width_tablet&quot;:{&quot;unit&quot;:&quot;px&quot;,&quot;size&quot;:&quot;&quot;,&quot;sizes&quot;:[]},&quot;element_pack_global_tooltip_width_mobile&quot;:{&quot;unit&quot;:&quot;px&quot;,&quot;size&quot;:&quot;&quot;,&quot;sizes&quot;:[]},&quot;element_pack_global_tooltip_padding&quot;:{&quot;unit&quot;:&quot;px&quot;,&quot;top&quot;:&quot;&quot;,&quot;right&quot;:&quot;&quot;,&quot;bottom&quot;:&quot;&quot;,&quot;left&quot;:&quot;&quot;,&quot;isLinked&quot;:true},&quot;element_pack_global_tooltip_padding_tablet&quot;:{&quot;unit&quot;:&quot;px&quot;,&quot;top&quot;:&quot;&quot;,&quot;right&quot;:&quot;&quot;,&quot;bottom&quot;:&quot;&quot;,&quot;left&quot;:&quot;&quot;,&quot;isLinked&quot;:true},&quot;element_pack_global_tooltip_padding_mobile&quot;:{&quot;unit&quot;:&quot;px&quot;,&quot;top&quot;:&quot;&quot;,&quot;right&quot;:&quot;&quot;,&quot;bottom&quot;:&quot;&quot;,&quot;left&quot;:&quot;&quot;,&quot;isLinked&quot;:true},&quot;element_pack_global_tooltip_border_radius&quot;:{&quot;unit&quot;:&quot;px&quot;,&quot;top&quot;:&quot;&quot;,&quot;right&quot;:&quot;&quot;,&quot;bottom&quot;:&quot;&quot;,&quot;left&quot;:&quot;&quot;,&quot;isLinked&quot;:true},&quot;element_pack_global_tooltip_border_radius_tablet&quot;:{&quot;unit&quot;:&quot;px&quot;,&quot;top&quot;:&quot;&quot;,&quot;right&quot;:&quot;&quot;,&quot;bottom&quot;:&quot;&quot;,&quot;left&quot;:&quot;&quot;,&quot;isLinked&quot;:true},&quot;element_pack_global_tooltip_border_radius_mobile&quot;:{&quot;unit&quot;:&quot;px&quot;,&quot;top&quot;:&quot;&quot;,&quot;right&quot;:&quot;&quot;,&quot;bottom&quot;:&quot;&quot;,&quot;left&quot;:&quot;&quot;,&quot;isLinked&quot;:true}}\" data-elementor-post-type=\"page\">\n\t\t\t\t<div class=\"elementor-element elementor-element-6894cb5 e-flex e-con-boxed e-con e-parent\" data-id=\"6894cb5\" data-element_type=\"container\" data-e-type=\"container\">\n\t\t\t\t\t<div class=\"e-con-inner\">\n\t\t\t\t<div class=\"elementor-element elementor-element-1fd7ad4 elementor-widget elementor-widget-heading\" data-id=\"1fd7ad4\" data-element_type=\"widget\" data-e-type=\"widget\" data-widget_type=\"heading.default\">\n\t\t\t\t<div class=\"elementor-widget-container\">\n\t\t\t\t\t<h2 class=\"elementor-heading-title elementor-size-default\">MY STORY<\/h2>\t\t\t\t<\/div>\n\t\t\t\t<\/div>\n\t\t\t\t\t<\/div>\n\t\t\t\t<\/div>\n\t\t<div class=\"elementor-element elementor-element-b1fd3fa e-flex e-con-boxed e-con e-parent\" data-id=\"b1fd3fa\" data-element_type=\"container\" data-e-type=\"container\">\n\t\t\t\t\t<div class=\"e-con-inner\">\n\t\t<div class=\"elementor-element elementor-element-3263496 e-con-full e-flex e-con e-child\" data-id=\"3263496\" data-element_type=\"container\" data-e-type=\"container\">\n\t\t\t\t<div class=\"elementor-element elementor-element-e703087 elementor-widget__width-inherit elementor-widget elementor-widget-text-editor\" data-id=\"e703087\" data-element_type=\"widget\" data-e-type=\"widget\" data-widget_type=\"text-editor.default\">\n\t\t\t\t<div class=\"elementor-widget-container\">\n\t\t\t\t\t\t\t\t\t<div><p>My journey as a photographer began some 10 years ago. With arrival of my own first child I wanted to capture quality newborn photos as well as baby images of all of her important milestones. I went to a professional photographer 5 times between my pregnancy and my daughter\u2019s first birthday. At the same time, I was pursuing photography as a hobby. I always printed my photos and looked through those memories very often. I found it fascinating that we can freeze those precious moments and go back to them and smile and live those happy moments again looking at our photographs.<\/p><\/div><div><p>Then, during my second pregnancy, I had to stay on a strict bedrest for almost 5 months. In order to give me strength to continue with the difficult pregnancy, I used most of that time to study newborn photography and newborn posing safety. I wanted to welcome my precious baby into the world healthy and I dreamed of photographing her myself. This period of uncertainty also allowed me to revaluate my priorities in life, and think what made me most happy and that was photography! When my daughter was finally born, I photographed her almost every day for the first year. She was my first newborn model.<\/p><\/div><div><p>I opened Si Belle Photo Studio soon after. Photography fills me with so much happiness to capture for my clients these special memories in their life and I hope my images of pregnancy and newborn babies show all my love that I pour into their creation.<span class=\"apple-converted-space\">\u00a0<\/span>Capturing the beauty, strength, and personality of every woman in front of my lense is a mission that goes beyond simple profession, it gives a special purpose to my life.<\/p><\/div><div><p>My style is described often as<span class=\"apple-converted-space\">\u00a0<\/span>classical fine art with modern trends to create timeless images that will never go out of style. The most important aspect to me is to show your personality and your style on the photographes we will create together. I want every woman to feel her beauty in front of my camera and the confidence of the gorgeous, empowered woman they are!<\/p><\/div><div><p>My clients often tell me their photographs resemble them paintings. This is a big compliment and encouragement for me. I retouch meticulously every single photo and spend quite some time on each of them, ensuring however the most natural effect possible. Every luxury shooting involves 3-4 days of work \u2013 therefore I do not book a lot of sessions monthly. I am usually booked 2-4 months in advance.<\/p><\/div><div>\u00a0<\/div>\t\t\t\t\t\t\t\t<\/div>\n\t\t\t\t<\/div>\n\t\t\t\t<\/div>\n\t\t<div class=\"elementor-element elementor-element-b490016 e-con-full e-flex e-con e-child\" data-id=\"b490016\" data-element_type=\"container\" data-e-type=\"container\">\n\t\t\t\t<div class=\"elementor-element elementor-element-4d18c36 elementor-widget elementor-widget-image\" data-id=\"4d18c36\" data-element_type=\"widget\" data-e-type=\"widget\" data-widget_type=\"image.default\">\n\t\t\t\t<div class=\"elementor-widget-container\">\n\t\t\t\t\t\t\t\t\t\t\t\t\t\t\t<img fetchpriority=\"high\" decoding=\"async\" width=\"1024\" height=\"819\" src=\"https:\/\/www.sibellephoto.com\/wp-content\/uploads\/2020\/04\/photo-b\u00e9b\u00e914-1024x819.jpg\" class=\"attachment-large size-large wp-image-701\" alt=\"\" srcset=\"https:\/\/www.sibellephoto.com\/wp-content\/uploads\/2020\/04\/photo-b\u00e9b\u00e914-1024x819.jpg 1024w, https:\/\/www.sibellephoto.com\/wp-content\/uploads\/2020\/04\/photo-b\u00e9b\u00e914-300x240.jpg 300w, https:\/\/www.sibellephoto.com\/wp-content\/uploads\/2020\/04\/photo-b\u00e9b\u00e914-768x614.jpg 768w, https:\/\/www.sibellephoto.com\/wp-content\/uploads\/2020\/04\/photo-b\u00e9b\u00e914-1536x1229.jpg 1536w, https:\/\/www.sibellephoto.com\/wp-content\/uploads\/2020\/04\/photo-b\u00e9b\u00e914.jpg 2000w\" sizes=\"(max-width: 1024px) 100vw, 1024px\" \/>\t\t\t\t\t\t\t\t\t\t\t\t\t\t\t<\/div>\n\t\t\t\t<\/div>\n\t\t\t\t<div class=\"elementor-element elementor-element-f7add50 elementor-widget elementor-widget-image\" data-id=\"f7add50\" data-element_type=\"widget\" data-e-type=\"widget\" data-widget_type=\"image.default\">\n\t\t\t\t<div class=\"elementor-widget-container\">\n\t\t\t\t\t\t\t\t\t\t\t\t\t\t\t<img decoding=\"async\" width=\"1024\" height=\"1024\" src=\"https:\/\/www.sibellephoto.com\/wp-content\/uploads\/2022\/02\/photographe-bebe13-1024x1024.jpg\" class=\"attachment-large size-large wp-image-3181\" alt=\"\" srcset=\"https:\/\/www.sibellephoto.com\/wp-content\/uploads\/2022\/02\/photographe-bebe13-1024x1024.jpg 1024w, https:\/\/www.sibellephoto.com\/wp-content\/uploads\/2022\/02\/photographe-bebe13-300x300.jpg 300w, https:\/\/www.sibellephoto.com\/wp-content\/uploads\/2022\/02\/photographe-bebe13-150x150.jpg 150w, https:\/\/www.sibellephoto.com\/wp-content\/uploads\/2022\/02\/photographe-bebe13-768x768.jpg 768w, https:\/\/www.sibellephoto.com\/wp-content\/uploads\/2022\/02\/photographe-bebe13-1536x1536.jpg 1536w, https:\/\/www.sibellephoto.com\/wp-content\/uploads\/2022\/02\/photographe-bebe13-2048x2048.jpg 2048w, https:\/\/www.sibellephoto.com\/wp-content\/uploads\/2022\/02\/photographe-bebe13-100x100.jpg 100w, https:\/\/www.sibellephoto.com\/wp-content\/uploads\/2022\/02\/photographe-bebe13-140x140.jpg 140w, https:\/\/www.sibellephoto.com\/wp-content\/uploads\/2022\/02\/photographe-bebe13-500x500.jpg 500w, https:\/\/www.sibellephoto.com\/wp-content\/uploads\/2022\/02\/photographe-bebe13-350x350.jpg 350w, https:\/\/www.sibellephoto.com\/wp-content\/uploads\/2022\/02\/photographe-bebe13-1000x1000.jpg 1000w, https:\/\/www.sibellephoto.com\/wp-content\/uploads\/2022\/02\/photographe-bebe13-800x800.jpg 800w\" sizes=\"(max-width: 1024px) 100vw, 1024px\" \/>\t\t\t\t\t\t\t\t\t\t\t\t\t\t\t<\/div>\n\t\t\t\t<\/div>\n\t\t\t\t<div class=\"elementor-element elementor-element-2df62a8 elementor-widget elementor-widget-image\" data-id=\"2df62a8\" data-element_type=\"widget\" data-e-type=\"widget\" data-widget_type=\"image.default\">\n\t\t\t\t<div class=\"elementor-widget-container\">\n\t\t\t\t\t\t\t\t\t\t\t\t\t\t\t<img decoding=\"async\" width=\"1024\" height=\"1024\" src=\"https:\/\/www.sibellephoto.com\/wp-content\/uploads\/2020\/04\/photo-enfant-200-1024x1024.jpg\" class=\"attachment-large size-large wp-image-950\" alt=\"\" srcset=\"https:\/\/www.sibellephoto.com\/wp-content\/uploads\/2020\/04\/photo-enfant-200-1024x1024.jpg 1024w, https:\/\/www.sibellephoto.com\/wp-content\/uploads\/2020\/04\/photo-enfant-200-300x300.jpg 300w, https:\/\/www.sibellephoto.com\/wp-content\/uploads\/2020\/04\/photo-enfant-200-150x150.jpg 150w, https:\/\/www.sibellephoto.com\/wp-content\/uploads\/2020\/04\/photo-enfant-200-768x768.jpg 768w, https:\/\/www.sibellephoto.com\/wp-content\/uploads\/2020\/04\/photo-enfant-200-1536x1536.jpg 1536w, https:\/\/www.sibellephoto.com\/wp-content\/uploads\/2020\/04\/photo-enfant-200-100x100.jpg 100w, https:\/\/www.sibellephoto.com\/wp-content\/uploads\/2020\/04\/photo-enfant-200-140x140.jpg 140w, https:\/\/www.sibellephoto.com\/wp-content\/uploads\/2020\/04\/photo-enfant-200-500x500.jpg 500w, https:\/\/www.sibellephoto.com\/wp-content\/uploads\/2020\/04\/photo-enfant-200-350x350.jpg 350w, https:\/\/www.sibellephoto.com\/wp-content\/uploads\/2020\/04\/photo-enfant-200-1000x1000.jpg 1000w, https:\/\/www.sibellephoto.com\/wp-content\/uploads\/2020\/04\/photo-enfant-200-800x800.jpg 800w, https:\/\/www.sibellephoto.com\/wp-content\/uploads\/2020\/04\/photo-enfant-200.jpg 2000w\" sizes=\"(max-width: 1024px) 100vw, 1024px\" \/>\t\t\t\t\t\t\t\t\t\t\t\t\t\t\t<\/div>\n\t\t\t\t<\/div>\n\t\t\t\t<\/div>\n\t\t\t\t\t<\/div>\n\t\t\t\t<\/div>\n\t\t<div class=\"elementor-element elementor-element-d45477f e-flex e-con-boxed e-con e-parent\" data-id=\"d45477f\" data-element_type=\"container\" data-e-type=\"container\">\n\t\t\t\t\t<div class=\"e-con-inner\">\n\t\t\t\t<div class=\"elementor-element elementor-element-0aed72d elementor-widget elementor-widget-heading\" data-id=\"0aed72d\" data-element_type=\"widget\" data-e-type=\"widget\" data-widget_type=\"heading.default\">\n\t\t\t\t<div class=\"elementor-widget-container\">\n\t\t\t\t\t<h2 class=\"elementor-heading-title elementor-size-default\">MY EXPERIENCE<\/h2>\t\t\t\t<\/div>\n\t\t\t\t<\/div>\n\t\t<div class=\"elementor-element elementor-element-c716ba4 e-con-full e-flex e-con e-child\" data-id=\"c716ba4\" data-element_type=\"container\" data-e-type=\"container\">\n\t\t\t\t<div class=\"elementor-element elementor-element-0867dd4 elementor-widget__width-initial elementor-widget-mobile__width-inherit elementor-widget elementor-widget-image\" data-id=\"0867dd4\" data-element_type=\"widget\" data-e-type=\"widget\" data-widget_type=\"image.default\">\n\t\t\t\t<div class=\"elementor-widget-container\">\n\t\t\t\t\t\t\t\t\t\t\t\t\t\t\t<img loading=\"lazy\" decoding=\"async\" width=\"600\" height=\"810\" src=\"https:\/\/www.sibellephoto.com\/wp-content\/uploads\/Associate-Gold-Metalic-Seal-Ribbon.png\" class=\"attachment-large size-large wp-image-9995\" alt=\"\" srcset=\"https:\/\/www.sibellephoto.com\/wp-content\/uploads\/Associate-Gold-Metalic-Seal-Ribbon.png 600w, https:\/\/www.sibellephoto.com\/wp-content\/uploads\/Associate-Gold-Metalic-Seal-Ribbon-222x300.png 222w\" sizes=\"(max-width: 600px) 100vw, 600px\" \/>\t\t\t\t\t\t\t\t\t\t\t\t\t\t\t<\/div>\n\t\t\t\t<\/div>\n\t\t\t\t<div class=\"elementor-element elementor-element-74bebf6 elementor-widget__width-initial elementor-widget-mobile__width-inherit elementor-widget elementor-widget-text-editor\" data-id=\"74bebf6\" data-element_type=\"widget\" data-e-type=\"widget\" data-widget_type=\"text-editor.default\">\n\t\t\t\t<div class=\"elementor-widget-container\">\n\t\t\t\t\t\t\t\t\t<p>I have been improving my photographic skills for years and work non-stop on my creative projects to offer my clients ever more beautiful portraiture of the highest international standard. My work has been rewarded throughout by more than 40 international awards and medals in such prestigious photography competitions as The Portrait Masters in the USA and the RISE Awards in Australia. I am the only pregnancy and newborn photographer in Belgium that earned the accreditation with The Portrait Masters \u2013 which required placement in numerous competitions and requires a very high level of professional photographic skill.<\/p><p>My commitment to creating an experience my clients cherish, along with photographs that take their breath away, is reflected in the heartfelt comments written in my studio guest book and the numerous glowing Google reviews &#8211; for which I am profoundly grateful.<\/p>\t\t\t\t\t\t\t\t<\/div>\n\t\t\t\t<\/div>\n\t\t\t\t<\/div>\n\t\t\t\t<div class=\"elementor-element elementor-element-b8fae2b elementor-align-center elementor-widget elementor-widget-button\" data-id=\"b8fae2b\" data-element_type=\"widget\" data-e-type=\"widget\" data-widget_type=\"button.default\">\n\t\t\t\t<div class=\"elementor-widget-container\">\n\t\t\t\t\t\t\t\t\t<div class=\"elementor-button-wrapper\">\n\t\t\t\t\t<a class=\"elementor-button elementor-button-link elementor-size-sm\" href=\"https:\/\/www.sibellephoto.com\/en\/testimonials\/\">\n\t\t\t\t\t\t<span class=\"elementor-button-content-wrapper\">\n\t\t\t\t\t\t\t\t\t<span class=\"elementor-button-text\">WHAT CLIENTS SAY<\/span>\n\t\t\t\t\t<\/span>\n\t\t\t\t\t<\/a>\n\t\t\t\t<\/div>\n\t\t\t\t\t\t\t\t<\/div>\n\t\t\t\t<\/div>\n\t\t\t\t<div class=\"elementor-element elementor-element-7f393d1 elementor-widget elementor-widget-text-editor\" data-id=\"7f393d1\" data-element_type=\"widget\" data-e-type=\"widget\" data-widget_type=\"text-editor.default\">\n\t\t\t\t<div class=\"elementor-widget-container\">\n\t\t\t\t\t\t\t\t\t<p>Let us design an exquisite experience, just as you dreamed. Together, we will capture your beauty and glow, celebrating this important chapter of your life!<\/p>\t\t\t\t\t\t\t\t<\/div>\n\t\t\t\t<\/div>\n\t\t\t\t\t<\/div>\n\t\t\t\t<\/div>\n\t\t<div class=\"elementor-element elementor-element-5e6003e e-flex e-con-boxed e-con e-parent\" data-id=\"5e6003e\" data-element_type=\"container\" data-e-type=\"container\">\n\t\t\t\t\t<div class=\"e-con-inner\">\n\t\t\t\t<div class=\"elementor-element elementor-element-e00c53f elementor-align-center elementor-widget elementor-widget-button\" data-id=\"e00c53f\" data-element_type=\"widget\" data-e-type=\"widget\" data-widget_type=\"button.default\">\n\t\t\t\t<div class=\"elementor-widget-container\">\n\t\t\t\t\t\t\t\t\t<div class=\"elementor-button-wrapper\">\n\t\t\t\t\t<a class=\"elementor-button elementor-button-link elementor-size-sm\" href=\"http:\/\/www.sibellephoto.com\/en\/contact\">\n\t\t\t\t\t\t<span class=\"elementor-button-content-wrapper\">\n\t\t\t\t\t\t\t\t\t<span class=\"elementor-button-text\">CONTACT US <\/span>\n\t\t\t\t\t<\/span>\n\t\t\t\t\t<\/a>\n\t\t\t\t<\/div>\n\t\t\t\t\t\t\t\t<\/div>\n\t\t\t\t<\/div>\n\t\t\t\t\t<\/div>\n\t\t\t\t<\/div>\n\t\t\t\t<\/div>\n\t\t","protected":false},"excerpt":{"rendered":"<p>MY STORY My journey as a photographer began some 10 years ago. With arrival of my own first child I wanted to capture quality newborn photos as well as baby&#8230;<\/p>\n","protected":false},"author":1,"featured_media":0,"parent":0,"menu_order":0,"comment_status":"closed","ping_status":"closed","template":"","meta":{"footnotes":""},"class_list":["post-1482","page","type-page","status-publish"],"yoast_head":"<!-- This site is optimized with the Yoast SEO plugin v27.4 - https:\/\/yoast.com\/product\/yoast-seo-wordpress\/ -->\n<title>About - Si Belle Photo Studio<\/title>\n<meta name=\"robots\" content=\"index, follow, max-snippet:-1, max-image-preview:large, max-video-preview:-1\" \/>\n<link rel=\"canonical\" href=\"https:\/\/www.sibellephoto.com\/en\/about\/\" \/>\n<meta property=\"og:locale\" content=\"en_US\" \/>\n<meta property=\"og:type\" content=\"article\" \/>\n<meta property=\"og:title\" content=\"About - Si Belle Photo Studio\" \/>\n<meta property=\"og:description\" content=\"MY STORY My journey as a photographer began some 10 years ago. With arrival of my own first child I wanted to capture quality newborn photos as well as baby...\" \/>\n<meta property=\"og:url\" content=\"https:\/\/www.sibellephoto.com\/en\/about\/\" \/>\n<meta property=\"og:site_name\" content=\"Si Belle Photo Studio\" \/>\n<meta property=\"article:modified_time\" content=\"2025-05-24T10:12:13+00:00\" \/>\n<meta property=\"og:image\" content=\"https:\/\/www.sibellephoto.com\/wp-content\/uploads\/2022\/02\/photographe-bebe13-1024x1024.jpg\" \/>\n<meta name=\"twitter:card\" content=\"summary_large_image\" \/>\n<meta name=\"twitter:label1\" content=\"Est. reading time\" \/>\n\t<meta name=\"twitter:data1\" content=\"4 minutes\" \/>\n<script type=\"application\/ld+json\" class=\"yoast-schema-graph\">{\"@context\":\"https:\\\/\\\/schema.org\",\"@graph\":[{\"@type\":\"WebPage\",\"@id\":\"https:\\\/\\\/www.sibellephoto.com\\\/en\\\/about\\\/\",\"url\":\"https:\\\/\\\/www.sibellephoto.com\\\/en\\\/about\\\/\",\"name\":\"About - Si Belle Photo Studio\",\"isPartOf\":{\"@id\":\"https:\\\/\\\/www.sibellephoto.com\\\/en\\\/#website\"},\"primaryImageOfPage\":{\"@id\":\"https:\\\/\\\/www.sibellephoto.com\\\/en\\\/about\\\/#primaryimage\"},\"image\":{\"@id\":\"https:\\\/\\\/www.sibellephoto.com\\\/en\\\/about\\\/#primaryimage\"},\"thumbnailUrl\":\"https:\\\/\\\/www.sibellephoto.com\\\/wp-content\\\/uploads\\\/2022\\\/02\\\/photographe-bebe13-1024x1024.jpg\",\"datePublished\":\"2020-10-17T22:35:04+00:00\",\"dateModified\":\"2025-05-24T10:12:13+00:00\",\"breadcrumb\":{\"@id\":\"https:\\\/\\\/www.sibellephoto.com\\\/en\\\/about\\\/#breadcrumb\"},\"inLanguage\":\"en-US\",\"potentialAction\":[{\"@type\":\"ReadAction\",\"target\":[\"https:\\\/\\\/www.sibellephoto.com\\\/en\\\/about\\\/\"]}]},{\"@type\":\"ImageObject\",\"inLanguage\":\"en-US\",\"@id\":\"https:\\\/\\\/www.sibellephoto.com\\\/en\\\/about\\\/#primaryimage\",\"url\":\"https:\\\/\\\/www.sibellephoto.com\\\/wp-content\\\/uploads\\\/2022\\\/02\\\/photographe-bebe13-1024x1024.jpg\",\"contentUrl\":\"https:\\\/\\\/www.sibellephoto.com\\\/wp-content\\\/uploads\\\/2022\\\/02\\\/photographe-bebe13-1024x1024.jpg\"},{\"@type\":\"BreadcrumbList\",\"@id\":\"https:\\\/\\\/www.sibellephoto.com\\\/en\\\/about\\\/#breadcrumb\",\"itemListElement\":[{\"@type\":\"ListItem\",\"position\":1,\"name\":\"Accueil\",\"item\":\"https:\\\/\\\/www.sibellephoto.com\\\/en\\\/\"},{\"@type\":\"ListItem\",\"position\":2,\"name\":\"About\"}]},{\"@type\":\"WebSite\",\"@id\":\"https:\\\/\\\/www.sibellephoto.com\\\/en\\\/#website\",\"url\":\"https:\\\/\\\/www.sibellephoto.com\\\/en\\\/\",\"name\":\"Si Belle Photo Studio\",\"description\":\"Photographe sp\u00e9cialis\u00e9 en photo de nouveau n\u00e9 &amp; b\u00e9b\u00e9s \\\/ portrait photographer specialised in newborn and pregnancy portraits\",\"potentialAction\":[{\"@type\":\"SearchAction\",\"target\":{\"@type\":\"EntryPoint\",\"urlTemplate\":\"https:\\\/\\\/www.sibellephoto.com\\\/en\\\/?s={search_term_string}\"},\"query-input\":{\"@type\":\"PropertyValueSpecification\",\"valueRequired\":true,\"valueName\":\"search_term_string\"}}],\"inLanguage\":\"en-US\"}]}<\/script>\n<!-- \/ Yoast SEO plugin. -->","yoast_head_json":{"title":"About - Si Belle Photo Studio","robots":{"index":"index","follow":"follow","max-snippet":"max-snippet:-1","max-image-preview":"max-image-preview:large","max-video-preview":"max-video-preview:-1"},"canonical":"https:\/\/www.sibellephoto.com\/en\/about\/","og_locale":"en_US","og_type":"article","og_title":"About - Si Belle Photo Studio","og_description":"MY STORY My journey as a photographer began some 10 years ago. With arrival of my own first child I wanted to capture quality newborn photos as well as baby...","og_url":"https:\/\/www.sibellephoto.com\/en\/about\/","og_site_name":"Si Belle Photo Studio","article_modified_time":"2025-05-24T10:12:13+00:00","og_image":[{"url":"https:\/\/www.sibellephoto.com\/wp-content\/uploads\/2022\/02\/photographe-bebe13-1024x1024.jpg","type":"","width":"","height":""}],"twitter_card":"summary_large_image","twitter_misc":{"Est. reading time":"4 minutes"},"schema":{"@context":"https:\/\/schema.org","@graph":[{"@type":"WebPage","@id":"https:\/\/www.sibellephoto.com\/en\/about\/","url":"https:\/\/www.sibellephoto.com\/en\/about\/","name":"About - Si Belle Photo Studio","isPartOf":{"@id":"https:\/\/www.sibellephoto.com\/en\/#website"},"primaryImageOfPage":{"@id":"https:\/\/www.sibellephoto.com\/en\/about\/#primaryimage"},"image":{"@id":"https:\/\/www.sibellephoto.com\/en\/about\/#primaryimage"},"thumbnailUrl":"https:\/\/www.sibellephoto.com\/wp-content\/uploads\/2022\/02\/photographe-bebe13-1024x1024.jpg","datePublished":"2020-10-17T22:35:04+00:00","dateModified":"2025-05-24T10:12:13+00:00","breadcrumb":{"@id":"https:\/\/www.sibellephoto.com\/en\/about\/#breadcrumb"},"inLanguage":"en-US","potentialAction":[{"@type":"ReadAction","target":["https:\/\/www.sibellephoto.com\/en\/about\/"]}]},{"@type":"ImageObject","inLanguage":"en-US","@id":"https:\/\/www.sibellephoto.com\/en\/about\/#primaryimage","url":"https:\/\/www.sibellephoto.com\/wp-content\/uploads\/2022\/02\/photographe-bebe13-1024x1024.jpg","contentUrl":"https:\/\/www.sibellephoto.com\/wp-content\/uploads\/2022\/02\/photographe-bebe13-1024x1024.jpg"},{"@type":"BreadcrumbList","@id":"https:\/\/www.sibellephoto.com\/en\/about\/#breadcrumb","itemListElement":[{"@type":"ListItem","position":1,"name":"Accueil","item":"https:\/\/www.sibellephoto.com\/en\/"},{"@type":"ListItem","position":2,"name":"About"}]},{"@type":"WebSite","@id":"https:\/\/www.sibellephoto.com\/en\/#website","url":"https:\/\/www.sibellephoto.com\/en\/","name":"Si Belle Photo Studio","description":"Photographe sp\u00e9cialis\u00e9 en photo de nouveau n\u00e9 &amp; b\u00e9b\u00e9s \/ portrait photographer specialised in newborn and pregnancy portraits","potentialAction":[{"@type":"SearchAction","target":{"@type":"EntryPoint","urlTemplate":"https:\/\/www.sibellephoto.com\/en\/?s={search_term_string}"},"query-input":{"@type":"PropertyValueSpecification","valueRequired":true,"valueName":"search_term_string"}}],"inLanguage":"en-US"}]}},"_links":{"self":[{"href":"https:\/\/www.sibellephoto.com\/en\/wp-json\/wp\/v2\/pages\/1482","targetHints":{"allow":["GET"]}}],"collection":[{"href":"https:\/\/www.sibellephoto.com\/en\/wp-json\/wp\/v2\/pages"}],"about":[{"href":"https:\/\/www.sibellephoto.com\/en\/wp-json\/wp\/v2\/types\/page"}],"author":[{"embeddable":true,"href":"https:\/\/www.sibellephoto.com\/en\/wp-json\/wp\/v2\/users\/1"}],"replies":[{"embeddable":true,"href":"https:\/\/www.sibellephoto.com\/en\/wp-json\/wp\/v2\/comments?post=1482"}],"version-history":[{"count":27,"href":"https:\/\/www.sibellephoto.com\/en\/wp-json\/wp\/v2\/pages\/1482\/revisions"}],"predecessor-version":[{"id":10060,"href":"https:\/\/www.sibellephoto.com\/en\/wp-json\/wp\/v2\/pages\/1482\/revisions\/10060"}],"wp:attachment":[{"href":"https:\/\/www.sibellephoto.com\/en\/wp-json\/wp\/v2\/media?parent=1482"}],"curies":[{"name":"wp","href":"https:\/\/api.w.org\/{rel}","templated":true}]}}