{"id":1421,"date":"2020-10-17T20:01:09","date_gmt":"2020-10-17T20:01:09","guid":{"rendered":"https:\/\/www.sibellephoto.com\/fees\/"},"modified":"2024-12-28T16:42:51","modified_gmt":"2024-12-28T16:42:51","slug":"fees","status":"publish","type":"page","link":"https:\/\/www.sibellephoto.com\/en\/fees\/","title":{"rendered":"Fees"},"content":{"rendered":"\t\t<div data-elementor-type=\"wp-page\" data-elementor-id=\"1421\" class=\"elementor elementor-1421 elementor-68\" data-elementor-settings=\"{&quot;element_pack_global_tooltip_width&quot;:{&quot;unit&quot;:&quot;px&quot;,&quot;size&quot;:&quot;&quot;,&quot;sizes&quot;:[]},&quot;element_pack_global_tooltip_width_tablet&quot;:{&quot;unit&quot;:&quot;px&quot;,&quot;size&quot;:&quot;&quot;,&quot;sizes&quot;:[]},&quot;element_pack_global_tooltip_width_mobile&quot;:{&quot;unit&quot;:&quot;px&quot;,&quot;size&quot;:&quot;&quot;,&quot;sizes&quot;:[]},&quot;element_pack_global_tooltip_padding&quot;:{&quot;unit&quot;:&quot;px&quot;,&quot;top&quot;:&quot;&quot;,&quot;right&quot;:&quot;&quot;,&quot;bottom&quot;:&quot;&quot;,&quot;left&quot;:&quot;&quot;,&quot;isLinked&quot;:true},&quot;element_pack_global_tooltip_padding_tablet&quot;:{&quot;unit&quot;:&quot;px&quot;,&quot;top&quot;:&quot;&quot;,&quot;right&quot;:&quot;&quot;,&quot;bottom&quot;:&quot;&quot;,&quot;left&quot;:&quot;&quot;,&quot;isLinked&quot;:true},&quot;element_pack_global_tooltip_padding_mobile&quot;:{&quot;unit&quot;:&quot;px&quot;,&quot;top&quot;:&quot;&quot;,&quot;right&quot;:&quot;&quot;,&quot;bottom&quot;:&quot;&quot;,&quot;left&quot;:&quot;&quot;,&quot;isLinked&quot;:true},&quot;element_pack_global_tooltip_border_radius&quot;:{&quot;unit&quot;:&quot;px&quot;,&quot;top&quot;:&quot;&quot;,&quot;right&quot;:&quot;&quot;,&quot;bottom&quot;:&quot;&quot;,&quot;left&quot;:&quot;&quot;,&quot;isLinked&quot;:true},&quot;element_pack_global_tooltip_border_radius_tablet&quot;:{&quot;unit&quot;:&quot;px&quot;,&quot;top&quot;:&quot;&quot;,&quot;right&quot;:&quot;&quot;,&quot;bottom&quot;:&quot;&quot;,&quot;left&quot;:&quot;&quot;,&quot;isLinked&quot;:true},&quot;element_pack_global_tooltip_border_radius_mobile&quot;:{&quot;unit&quot;:&quot;px&quot;,&quot;top&quot;:&quot;&quot;,&quot;right&quot;:&quot;&quot;,&quot;bottom&quot;:&quot;&quot;,&quot;left&quot;:&quot;&quot;,&quot;isLinked&quot;:true}}\" data-elementor-post-type=\"page\">\n\t\t\t\t<div class=\"elementor-element elementor-element-1ba8539 e-flex e-con-boxed e-con e-parent\" data-id=\"1ba8539\" data-element_type=\"container\" data-e-type=\"container\">\n\t\t\t\t\t<div class=\"e-con-inner\">\n\t\t\t\t<div class=\"elementor-element elementor-element-cee192b elementor-widget elementor-widget-image\" data-id=\"cee192b\" data-element_type=\"widget\" data-e-type=\"widget\" data-widget_type=\"image.default\">\n\t\t\t\t<div class=\"elementor-widget-container\">\n\t\t\t\t\t\t\t\t\t\t\t\t\t\t\t<img fetchpriority=\"high\" decoding=\"async\" width=\"724\" height=\"1024\" src=\"https:\/\/www.sibellephoto.com\/wp-content\/uploads\/eng-724x1024.jpg\" class=\"attachment-large size-large wp-image-3672\" alt=\"\" srcset=\"https:\/\/www.sibellephoto.com\/wp-content\/uploads\/eng-724x1024.jpg 724w, https:\/\/www.sibellephoto.com\/wp-content\/uploads\/eng-212x300.jpg 212w, https:\/\/www.sibellephoto.com\/wp-content\/uploads\/eng-768x1086.jpg 768w, https:\/\/www.sibellephoto.com\/wp-content\/uploads\/eng-1086x1536.jpg 1086w, https:\/\/www.sibellephoto.com\/wp-content\/uploads\/eng.jpg 1414w\" sizes=\"(max-width: 724px) 100vw, 724px\" \/>\t\t\t\t\t\t\t\t\t\t\t\t\t\t\t<\/div>\n\t\t\t\t<\/div>\n\t\t\t\t\t<\/div>\n\t\t\t\t<\/div>\n\t\t\t\t<\/div>\n\t\t","protected":false},"excerpt":{"rendered":"","protected":false},"author":1,"featured_media":0,"parent":0,"menu_order":0,"comment_status":"closed","ping_status":"closed","template":"","meta":{"footnotes":""},"class_list":["post-1421","page","type-page","status-publish"],"yoast_head":"<!-- This site is optimized with the Yoast SEO plugin v27.4 - https:\/\/yoast.com\/product\/yoast-seo-wordpress\/ -->\n<title>Fees - Si Belle Photo Studio<\/title>\n<meta name=\"robots\" content=\"index, follow, max-snippet:-1, max-image-preview:large, max-video-preview:-1\" \/>\n<link rel=\"canonical\" href=\"https:\/\/www.sibellephoto.com\/en\/fees\/\" \/>\n<meta property=\"og:locale\" content=\"en_US\" \/>\n<meta property=\"og:type\" content=\"article\" \/>\n<meta property=\"og:title\" content=\"Fees - Si Belle Photo Studio\" \/>\n<meta property=\"og:url\" content=\"https:\/\/www.sibellephoto.com\/en\/fees\/\" \/>\n<meta property=\"og:site_name\" content=\"Si Belle Photo Studio\" \/>\n<meta property=\"article:modified_time\" content=\"2024-12-28T16:42:51+00:00\" \/>\n<meta property=\"og:image\" content=\"https:\/\/www.sibellephoto.com\/wp-content\/uploads\/eng.jpg\" \/>\n\t<meta property=\"og:image:width\" content=\"1414\" \/>\n\t<meta property=\"og:image:height\" content=\"2000\" \/>\n\t<meta property=\"og:image:type\" content=\"image\/jpeg\" \/>\n<meta name=\"twitter:card\" content=\"summary_large_image\" \/>\n<meta name=\"twitter:label1\" content=\"Est. reading time\" \/>\n\t<meta name=\"twitter:data1\" content=\"1 minute\" \/>\n<script type=\"application\/ld+json\" class=\"yoast-schema-graph\">{\"@context\":\"https:\\\/\\\/schema.org\",\"@graph\":[{\"@type\":\"WebPage\",\"@id\":\"https:\\\/\\\/www.sibellephoto.com\\\/en\\\/fees\\\/\",\"url\":\"https:\\\/\\\/www.sibellephoto.com\\\/en\\\/fees\\\/\",\"name\":\"Fees - Si Belle Photo Studio\",\"isPartOf\":{\"@id\":\"https:\\\/\\\/www.sibellephoto.com\\\/en\\\/#website\"},\"primaryImageOfPage\":{\"@id\":\"https:\\\/\\\/www.sibellephoto.com\\\/en\\\/fees\\\/#primaryimage\"},\"image\":{\"@id\":\"https:\\\/\\\/www.sibellephoto.com\\\/en\\\/fees\\\/#primaryimage\"},\"thumbnailUrl\":\"https:\\\/\\\/www.sibellephoto.com\\\/wp-content\\\/uploads\\\/eng-724x1024.jpg\",\"datePublished\":\"2020-10-17T20:01:09+00:00\",\"dateModified\":\"2024-12-28T16:42:51+00:00\",\"breadcrumb\":{\"@id\":\"https:\\\/\\\/www.sibellephoto.com\\\/en\\\/fees\\\/#breadcrumb\"},\"inLanguage\":\"en-US\",\"potentialAction\":[{\"@type\":\"ReadAction\",\"target\":[\"https:\\\/\\\/www.sibellephoto.com\\\/en\\\/fees\\\/\"]}]},{\"@type\":\"ImageObject\",\"inLanguage\":\"en-US\",\"@id\":\"https:\\\/\\\/www.sibellephoto.com\\\/en\\\/fees\\\/#primaryimage\",\"url\":\"https:\\\/\\\/www.sibellephoto.com\\\/wp-content\\\/uploads\\\/eng-724x1024.jpg\",\"contentUrl\":\"https:\\\/\\\/www.sibellephoto.com\\\/wp-content\\\/uploads\\\/eng-724x1024.jpg\"},{\"@type\":\"BreadcrumbList\",\"@id\":\"https:\\\/\\\/www.sibellephoto.com\\\/en\\\/fees\\\/#breadcrumb\",\"itemListElement\":[{\"@type\":\"ListItem\",\"position\":1,\"name\":\"Accueil\",\"item\":\"https:\\\/\\\/www.sibellephoto.com\\\/en\\\/\"},{\"@type\":\"ListItem\",\"position\":2,\"name\":\"Fees\"}]},{\"@type\":\"WebSite\",\"@id\":\"https:\\\/\\\/www.sibellephoto.com\\\/en\\\/#website\",\"url\":\"https:\\\/\\\/www.sibellephoto.com\\\/en\\\/\",\"name\":\"Si Belle Photo Studio\",\"description\":\"Photographe sp\u00e9cialis\u00e9 en photo de nouveau n\u00e9 &amp; b\u00e9b\u00e9s \\\/ portrait photographer specialised in newborn and pregnancy portraits\",\"potentialAction\":[{\"@type\":\"SearchAction\",\"target\":{\"@type\":\"EntryPoint\",\"urlTemplate\":\"https:\\\/\\\/www.sibellephoto.com\\\/en\\\/?s={search_term_string}\"},\"query-input\":{\"@type\":\"PropertyValueSpecification\",\"valueRequired\":true,\"valueName\":\"search_term_string\"}}],\"inLanguage\":\"en-US\"}]}<\/script>\n<!-- \/ Yoast SEO plugin. -->","yoast_head_json":{"title":"Fees - Si Belle Photo Studio","robots":{"index":"index","follow":"follow","max-snippet":"max-snippet:-1","max-image-preview":"max-image-preview:large","max-video-preview":"max-video-preview:-1"},"canonical":"https:\/\/www.sibellephoto.com\/en\/fees\/","og_locale":"en_US","og_type":"article","og_title":"Fees - Si Belle Photo Studio","og_url":"https:\/\/www.sibellephoto.com\/en\/fees\/","og_site_name":"Si Belle Photo Studio","article_modified_time":"2024-12-28T16:42:51+00:00","og_image":[{"width":1414,"height":2000,"url":"https:\/\/www.sibellephoto.com\/wp-content\/uploads\/eng.jpg","type":"image\/jpeg"}],"twitter_card":"summary_large_image","twitter_misc":{"Est. reading time":"1 minute"},"schema":{"@context":"https:\/\/schema.org","@graph":[{"@type":"WebPage","@id":"https:\/\/www.sibellephoto.com\/en\/fees\/","url":"https:\/\/www.sibellephoto.com\/en\/fees\/","name":"Fees - Si Belle Photo Studio","isPartOf":{"@id":"https:\/\/www.sibellephoto.com\/en\/#website"},"primaryImageOfPage":{"@id":"https:\/\/www.sibellephoto.com\/en\/fees\/#primaryimage"},"image":{"@id":"https:\/\/www.sibellephoto.com\/en\/fees\/#primaryimage"},"thumbnailUrl":"https:\/\/www.sibellephoto.com\/wp-content\/uploads\/eng-724x1024.jpg","datePublished":"2020-10-17T20:01:09+00:00","dateModified":"2024-12-28T16:42:51+00:00","breadcrumb":{"@id":"https:\/\/www.sibellephoto.com\/en\/fees\/#breadcrumb"},"inLanguage":"en-US","potentialAction":[{"@type":"ReadAction","target":["https:\/\/www.sibellephoto.com\/en\/fees\/"]}]},{"@type":"ImageObject","inLanguage":"en-US","@id":"https:\/\/www.sibellephoto.com\/en\/fees\/#primaryimage","url":"https:\/\/www.sibellephoto.com\/wp-content\/uploads\/eng-724x1024.jpg","contentUrl":"https:\/\/www.sibellephoto.com\/wp-content\/uploads\/eng-724x1024.jpg"},{"@type":"BreadcrumbList","@id":"https:\/\/www.sibellephoto.com\/en\/fees\/#breadcrumb","itemListElement":[{"@type":"ListItem","position":1,"name":"Accueil","item":"https:\/\/www.sibellephoto.com\/en\/"},{"@type":"ListItem","position":2,"name":"Fees"}]},{"@type":"WebSite","@id":"https:\/\/www.sibellephoto.com\/en\/#website","url":"https:\/\/www.sibellephoto.com\/en\/","name":"Si Belle Photo Studio","description":"Photographe sp\u00e9cialis\u00e9 en photo de nouveau n\u00e9 &amp; b\u00e9b\u00e9s \/ portrait photographer specialised in newborn and pregnancy portraits","potentialAction":[{"@type":"SearchAction","target":{"@type":"EntryPoint","urlTemplate":"https:\/\/www.sibellephoto.com\/en\/?s={search_term_string}"},"query-input":{"@type":"PropertyValueSpecification","valueRequired":true,"valueName":"search_term_string"}}],"inLanguage":"en-US"}]}},"_links":{"self":[{"href":"https:\/\/www.sibellephoto.com\/en\/wp-json\/wp\/v2\/pages\/1421","targetHints":{"allow":["GET"]}}],"collection":[{"href":"https:\/\/www.sibellephoto.com\/en\/wp-json\/wp\/v2\/pages"}],"about":[{"href":"https:\/\/www.sibellephoto.com\/en\/wp-json\/wp\/v2\/types\/page"}],"author":[{"embeddable":true,"href":"https:\/\/www.sibellephoto.com\/en\/wp-json\/wp\/v2\/users\/1"}],"replies":[{"embeddable":true,"href":"https:\/\/www.sibellephoto.com\/en\/wp-json\/wp\/v2\/comments?post=1421"}],"version-history":[{"count":0,"href":"https:\/\/www.sibellephoto.com\/en\/wp-json\/wp\/v2\/pages\/1421\/revisions"}],"wp:attachment":[{"href":"https:\/\/www.sibellephoto.com\/en\/wp-json\/wp\/v2\/media?parent=1421"}],"curies":[{"name":"wp","href":"https:\/\/api.w.org\/{rel}","templated":true}]}}